{"id":410,"date":"2025-02-21T16:51:23","date_gmt":"2025-02-21T16:51:23","guid":{"rendered":"https:\/\/www.kunferr.hu\/?page_id=410"},"modified":"2026-03-09T18:04:07","modified_gmt":"2026-03-09T18:04:07","slug":"palyazatok","status":"publish","type":"page","link":"https:\/\/www.kunferr.hu\/de\/palyazatok\/","title":{"rendered":"P\u00e1ly\u00e1zatok"},"content":{"rendered":"<div data-elementor-type=\"wp-page\" data-elementor-id=\"410\" class=\"elementor elementor-410\" data-elementor-post-type=\"page\">\n\t\t\t\t\t\t<section class=\"elementor-section elementor-top-section elementor-element elementor-element-cdef405 elementor-section-content-middle elementor-section-stretched elementor-section-boxed elementor-section-height-default elementor-section-height-default\" data-id=\"cdef405\" data-element_type=\"section\" data-settings=\"{&quot;background_background&quot;:&quot;classic&quot;,&quot;stretch_section&quot;:&quot;section-stretched&quot;}\">\n\t\t\t\t\t\t\t<div class=\"elementor-background-overlay\"><\/div>\n\t\t\t\t\t\t\t<div class=\"elementor-container elementor-column-gap-no\">\n\t\t\t\t\t<div class=\"elementor-column elementor-col-50 elementor-top-column elementor-element elementor-element-c1a8ca6\" data-id=\"c1a8ca6\" data-element_type=\"column\">\n\t\t\t<div class=\"elementor-widget-wrap elementor-element-populated\">\n\t\t\t\t\t\t<div class=\"elementor-element elementor-element-965c5b3 elementor-widget__width-initial elementor-widget-mobile__width-initial elementor-widget elementor-widget-image\" data-id=\"965c5b3\" data-element_type=\"widget\" data-widget_type=\"image.default\">\n\t\t\t\t<div class=\"elementor-widget-container\">\n\t\t\t\t\t\t\t\t\t\t\t\t\t\t\t\t<a href=\"http:\/\/www.kunferr.hu\/de\/\">\n\t\t\t\t\t\t\t<img fetchpriority=\"high\" decoding=\"async\" width=\"428\" height=\"177\" src=\"https:\/\/www.kunferr.hu\/wp-content\/uploads\/2025\/02\/kun-3-e1740151533410.png\" class=\"attachment-large size-large wp-image-312\" alt=\"\" srcset=\"https:\/\/www.kunferr.hu\/wp-content\/uploads\/2025\/02\/kun-3-e1740151533410.png 428w, https:\/\/www.kunferr.hu\/wp-content\/uploads\/2025\/02\/kun-3-e1740151533410-300x124.png 300w\" sizes=\"(max-width: 428px) 100vw, 428px\" \/>\t\t\t\t\t\t\t\t<\/a>\n\t\t\t\t\t\t\t\t\t\t\t\t\t\t\t<\/div>\n\t\t\t\t<\/div>\n\t\t\t\t\t<\/div>\n\t\t<\/div>\n\t\t\t\t<div class=\"elementor-column elementor-col-50 elementor-top-column elementor-element elementor-element-8b31af5\" data-id=\"8b31af5\" data-element_type=\"column\">\n\t\t\t<div class=\"elementor-widget-wrap elementor-element-populated\">\n\t\t\t\t<div class=\"elementor-element elementor-element-b29ae6d e-grid e-con-full e-con e-parent\" data-id=\"b29ae6d\" data-element_type=\"container\">\n\t\t\t\t<div class=\"elementor-element elementor-element-7a0b488 elementor-widget elementor-widget-text-editor\" data-id=\"7a0b488\" data-element_type=\"widget\" data-widget_type=\"text-editor.default\">\n\t\t\t\t<div class=\"elementor-widget-container\">\n\t\t\t\t\t\t\t\t\t<p><a href=\"http:\/\/www.kunferr.hu\/de\/\">Startseite<\/a><\/p>\t\t\t\t\t\t\t\t<\/div>\n\t\t\t\t<\/div>\n\t\t\t\t<div class=\"elementor-element elementor-element-738f04a elementor-widget elementor-widget-text-editor\" data-id=\"738f04a\" data-element_type=\"widget\" data-widget_type=\"text-editor.default\">\n\t\t\t\t<div class=\"elementor-widget-container\">\n\t\t\t\t\t\t\t\t\t<p><a href=\"http:\/\/www.kunferr.hu\/de\/fooldal\/#szolg\">Unsere Leistungen<\/a><\/p>\t\t\t\t\t\t\t\t<\/div>\n\t\t\t\t<\/div>\n\t\t\t\t<div class=\"elementor-element elementor-element-8b4b9fa elementor-widget elementor-widget-text-editor\" data-id=\"8b4b9fa\" data-element_type=\"widget\" data-widget_type=\"text-editor.default\">\n\t\t\t\t<div class=\"elementor-widget-container\">\n\t\t\t\t\t\t\t\t\t<p><a href=\"http:\/\/www.kunferr.hu\/de\/geppark\/\">Maschinenpark<\/a><\/p>\t\t\t\t\t\t\t\t<\/div>\n\t\t\t\t<\/div>\n\t\t\t\t<div class=\"elementor-element elementor-element-7e5bff6 elementor-widget elementor-widget-text-editor\" data-id=\"7e5bff6\" data-element_type=\"widget\" data-widget_type=\"text-editor.default\">\n\t\t\t\t<div class=\"elementor-widget-container\">\n\t\t\t\t\t\t\t\t\t<p><a href=\"http:\/\/www.kunferr.hu\/de\/fooldal\/#aboutus\">\u00dcber uns<\/a><\/p>\t\t\t\t\t\t\t\t<\/div>\n\t\t\t\t<\/div>\n\t\t\t\t<div class=\"elementor-element elementor-element-45a7b58 elementor-widget elementor-widget-text-editor\" data-id=\"45a7b58\" data-element_type=\"widget\" data-widget_type=\"text-editor.default\">\n\t\t\t\t<div class=\"elementor-widget-container\">\n\t\t\t\t\t\t\t\t\t<p><a href=\"http:\/\/www.kunferr.hu\/de\/kapcsolat\/\">Kontakt<\/a><\/p>\t\t\t\t\t\t\t\t<\/div>\n\t\t\t\t<\/div>\n\t\t\t\t<div class=\"elementor-element elementor-element-8fc0b73 elementor-widget elementor-widget-shortcode\" data-id=\"8fc0b73\" data-element_type=\"widget\" data-widget_type=\"shortcode.default\">\n\t\t\t\t<div class=\"elementor-widget-container\">\n\t\t\t\t\t\t\t<div class=\"elementor-shortcode\"><div class=\"trp-shortcode-switcher__wrapper\"\r\n     style=\"--bg:#000000;--bg-hover:#444444;--text:#ffffff;--text-hover:#eeeeee;--border:1px solid transparent;--border-width:1px;--border-color:transparent;--border-radius:5px;--flag-radius:2px;--flag-size:18px;--aspect-ratio:4\/3;--font-size:14px;--transition-duration:0.2s\"\r\n     role=\"group\"\r\n     data-open-mode=\"hover\">\r\n\r\n    \r\n        <!-- ANCHOR (in-flow only; sizing\/borders; inert) -->\r\n        <div class=\"trp-language-switcher trp-ls-dropdown trp-shortcode-switcher trp-shortcode-anchor trp-open-on-hover\"\r\n             aria-hidden=\"true\"\r\n             inert\r\n data-no-translation>\r\n                <div class=\"trp-current-language-item__wrapper\">\r\n        <a class=\"trp-language-item trp-language-item__default trp-language-item__current\" data-no-translation href=\"https:\/\/www.kunferr.hu\/de\/wp-json\/wp\/v2\/pages\/410\" title=\"Deutsch\"><img decoding=\"async\" data-src=\"https:\/\/www.kunferr.hu\/wp-content\/plugins\/translatepress-multilingual\/assets\/flags\/4x3\/de_DE.svg\" class=\"trp-flag-image lazyload\" alt=\"\" role=\"presentation\" src=\"data:image\/svg+xml;base64,PHN2ZyB3aWR0aD0iMSIgaGVpZ2h0PSIxIiB4bWxucz0iaHR0cDovL3d3dy53My5vcmcvMjAwMC9zdmciPjwvc3ZnPg==\" \/><span class=\"trp-language-item-name\">Deutsch<\/span><\/a>                    <svg class=\"trp-shortcode-arrow\" width=\"20\" height=\"20\" viewbox=\"0 0 20 21\" fill=\"none\" aria-hidden=\"true\" focusable=\"false\" xmlns=\"http:\/\/www.w3.org\/2000\/svg\">\r\n                <path d=\"M5 8L10 13L15 8\" stroke=\"var(--text)\" stroke-width=\"2\" stroke-linecap=\"round\" stroke-linejoin=\"round\"\/>\r\n            <\/svg>\r\n            <\/div>\r\n            <\/div>\r\n\r\n        <!-- OVERLAY (positioned; interactive surface) -->\r\n        <div class=\"trp-language-switcher trp-ls-dropdown trp-shortcode-switcher trp-shortcode-overlay trp-open-on-hover\"\r\n             role=\"navigation\"\r\n             aria-label=\"Website language selector\"\r\n             data-no-translation\r\n>\r\n                <div class=\"trp-current-language-item__wrapper\">\r\n        <div class=\"trp-language-item trp-language-item__default trp-language-item__current\" data-no-translation role=\"button\" aria-expanded=\"false\" tabindex=\"0\" aria-label=\"Change language\" aria-controls=\"trp-shortcode-dropdown-69f5abd5b8083\"><img decoding=\"async\" data-src=\"https:\/\/www.kunferr.hu\/wp-content\/plugins\/translatepress-multilingual\/assets\/flags\/4x3\/de_DE.svg\" class=\"trp-flag-image lazyload\" alt=\"\" role=\"presentation\" src=\"data:image\/svg+xml;base64,PHN2ZyB3aWR0aD0iMSIgaGVpZ2h0PSIxIiB4bWxucz0iaHR0cDovL3d3dy53My5vcmcvMjAwMC9zdmciPjwvc3ZnPg==\" \/><span class=\"trp-language-item-name\">Deutsch<\/span><\/div>                    <svg class=\"trp-shortcode-arrow\" width=\"20\" height=\"20\" viewbox=\"0 0 20 21\" fill=\"none\" aria-hidden=\"true\" focusable=\"false\" xmlns=\"http:\/\/www.w3.org\/2000\/svg\">\r\n                <path d=\"M5 8L10 13L15 8\" stroke=\"var(--text)\" stroke-width=\"2\" stroke-linecap=\"round\" stroke-linejoin=\"round\"\/>\r\n            <\/svg>\r\n            <\/div>\r\n    \r\n            <div class=\"trp-switcher-dropdown-list\"\r\n                 id=\"trp-shortcode-dropdown-69f5abd5b8083\"\r\n                 role=\"group\"\r\n                 aria-label=\"Available languages\"\r\n                 hidden\r\n inert\r\n>\r\n                                                            <a class=\"trp-language-item\" href=\"https:\/\/www.kunferr.hu\/de\/wp-json\/wp\/v2\/pages\/410\" title=\"Magyar\">\r\n                            <img decoding=\"async\" data-src=\"https:\/\/www.kunferr.hu\/wp-content\/plugins\/translatepress-multilingual\/assets\/flags\/4x3\/hu_HU.svg\" class=\"trp-flag-image lazyload\" alt=\"\" role=\"presentation\" src=\"data:image\/svg+xml;base64,PHN2ZyB3aWR0aD0iMSIgaGVpZ2h0PSIxIiB4bWxucz0iaHR0cDovL3d3dy53My5vcmcvMjAwMC9zdmciPjwvc3ZnPg==\" \/>                                                            <span class=\"trp-language-item-name\" data-no-translation>Magyar<\/span>\r\n                                                                                <\/a>\r\n                                            <a class=\"trp-language-item\" href=\"https:\/\/www.kunferr.hu\/de\/wp-json\/wp\/v2\/pages\/410\" title=\"English (UK)\">\r\n                            <img decoding=\"async\" data-src=\"https:\/\/www.kunferr.hu\/wp-content\/plugins\/translatepress-multilingual\/assets\/flags\/4x3\/en_GB.svg\" class=\"trp-flag-image lazyload\" alt=\"\" role=\"presentation\" src=\"data:image\/svg+xml;base64,PHN2ZyB3aWR0aD0iMSIgaGVpZ2h0PSIxIiB4bWxucz0iaHR0cDovL3d3dy53My5vcmcvMjAwMC9zdmciPjwvc3ZnPg==\" \/>                                                            <span class=\"trp-language-item-name\" data-no-translation>English (UK)<\/span>\r\n                                                                                <\/a>\r\n                                                <\/div>\r\n        <\/div>\r\n\r\n    <\/div>\r\n<\/div>\n\t\t\t\t\t\t<\/div>\n\t\t\t\t<\/div>\n\t\t\t\t<\/div>\n\t\t\t\t\t<\/div>\n\t\t<\/div>\n\t\t\t\t\t<\/div>\n\t\t<\/section>\n\t\t\t\t<section class=\"elementor-section elementor-top-section elementor-element elementor-element-70af5497 elementor-section-full_width elementor-section-height-default elementor-section-height-default\" data-id=\"70af5497\" data-element_type=\"section\" data-settings=\"{&quot;background_background&quot;:&quot;classic&quot;}\">\n\t\t\t\t\t\t\t<div class=\"elementor-background-overlay\"><\/div>\n\t\t\t\t\t\t\t<div class=\"elementor-container elementor-column-gap-default\">\n\t\t\t\t\t<div class=\"elementor-column elementor-col-100 elementor-top-column elementor-element elementor-element-4ffe91e0\" data-id=\"4ffe91e0\" data-element_type=\"column\">\n\t\t\t<div class=\"elementor-widget-wrap elementor-element-populated\">\n\t\t\t\t\t\t<div class=\"elementor-element elementor-element-3b80c416 elementor-widget elementor-widget-heading\" data-id=\"3b80c416\" data-element_type=\"widget\" data-widget_type=\"heading.default\">\n\t\t\t\t<div class=\"elementor-widget-container\">\n\t\t\t\t\t<h1 class=\"elementor-heading-title elementor-size-default\">Gewonnene Ausschreibungen<\/h1>\t\t\t\t<\/div>\n\t\t\t\t<\/div>\n\t\t\t\t\t<\/div>\n\t\t<\/div>\n\t\t\t\t\t<\/div>\n\t\t<\/section>\n\t\t<div class=\"elementor-element elementor-element-dbd9adf e-flex e-con-boxed e-con e-parent\" data-id=\"dbd9adf\" data-element_type=\"container\">\n\t\t\t\t\t<div class=\"e-con-inner\">\n\t\t\t\t<div class=\"elementor-element elementor-element-a432d81 elementor-widget__width-initial elementor-widget elementor-widget-image\" data-id=\"a432d81\" data-element_type=\"widget\" data-widget_type=\"image.default\">\n\t\t\t\t<div class=\"elementor-widget-container\">\n\t\t\t\t\t\t\t\t\t\t\t\t\t\t\t<img decoding=\"async\" width=\"1024\" height=\"805\" data-src=\"https:\/\/www.kunferr.hu\/wp-content\/uploads\/2025\/02\/Kepernyofoto-2025-02-21-18.09.33-1024x805.png\" class=\"attachment-large size-large wp-image-422 lazyload\" alt=\"\" data-srcset=\"https:\/\/www.kunferr.hu\/wp-content\/uploads\/2025\/02\/Kepernyofoto-2025-02-21-18.09.33-1024x805.png 1024w, https:\/\/www.kunferr.hu\/wp-content\/uploads\/2025\/02\/Kepernyofoto-2025-02-21-18.09.33-300x236.png 300w, https:\/\/www.kunferr.hu\/wp-content\/uploads\/2025\/02\/Kepernyofoto-2025-02-21-18.09.33-768x604.png 768w, https:\/\/www.kunferr.hu\/wp-content\/uploads\/2025\/02\/Kepernyofoto-2025-02-21-18.09.33-1536x1208.png 1536w, https:\/\/www.kunferr.hu\/wp-content\/uploads\/2025\/02\/Kepernyofoto-2025-02-21-18.09.33-2048x1611.png 2048w\" data-sizes=\"(max-width: 1024px) 100vw, 1024px\" src=\"data:image\/svg+xml;base64,PHN2ZyB3aWR0aD0iMSIgaGVpZ2h0PSIxIiB4bWxucz0iaHR0cDovL3d3dy53My5vcmcvMjAwMC9zdmciPjwvc3ZnPg==\" style=\"--smush-placeholder-width: 1024px; --smush-placeholder-aspect-ratio: 1024\/805;\" \/>\t\t\t\t\t\t\t\t\t\t\t\t\t\t\t<\/div>\n\t\t\t\t<\/div>\n\t\t\t\t\t<\/div>\n\t\t\t\t<\/div>\n\t\t<div class=\"elementor-element elementor-element-a2ed978 e-flex e-con-boxed e-con e-parent\" data-id=\"a2ed978\" data-element_type=\"container\">\n\t\t\t\t\t<div class=\"e-con-inner\">\n\t\t<div class=\"elementor-element elementor-element-a4bf8c4 e-con-full e-flex e-con e-child\" data-id=\"a4bf8c4\" data-element_type=\"container\">\n\t\t\t\t<div class=\"elementor-element elementor-element-21bae56 elementor-widget elementor-widget-heading\" data-id=\"21bae56\" data-element_type=\"widget\" data-widget_type=\"heading.default\">\n\t\t\t\t<div class=\"elementor-widget-container\">\n\t\t\t\t\t<h2 class=\"elementor-heading-title elementor-size-default\">F\u00f6rderung<\/h2>\t\t\t\t<\/div>\n\t\t\t\t<\/div>\n\t\t\t\t<div class=\"elementor-element elementor-element-c23c11b elementor-widget elementor-widget-text-editor\" data-id=\"c23c11b\" data-element_type=\"widget\" data-widget_type=\"text-editor.default\">\n\t\t\t\t<div class=\"elementor-widget-container\">\n\t\t\t\t\t\t\t\t\t<p>H\u00f6he der gewonnenen F\u00f6rderung: 9.70 MILLIONEN FORINT<\/p><p class=\"translation-block\">F\u00f6rderquote: 55% Projekt-Identifikationsnummer: GINOP-4.1.4-19-2020-02566 Projektbeginn: 01.03.2021<\/p><p>Physischer Abschluss des Projekts: 13.07.2021<\/p><p><br \/>Als Ergebnis der Investition f\u00fchrte unser Unternehmen eine Beleuchtungsmodernisierung in den Werkshallen durch und installierte ein kleines Solarkraftwerk auf der Dachkonstruktion der Werkshalle. Das Projekt tr\u00e4gt zur Verbesserung der Wettbewerbsf\u00e4higkeit unseres Unternehmens und zur nachhaltigen Entwicklung unserer Umwelt bei.<\/p><p>Das Gesamtbudget des Projekts betrug 17.637.640\u00a0Ft.<\/p><p>Wir danken dem ungarischen Staat und der Europ\u00e4ischen Union f\u00fcr ihre Unterst\u00fctzung!<br \/><br \/>Weitere Informationen zum Projekt erhalten Sie bei:<br \/><br \/>Lajos Cs\u00f3tai, Gesch\u00e4ftsf\u00fchrer, KUNFERR Stahlkonstruktionen GmbH<br \/><br \/>Telefon und E-Mail-Adresse: +36 59 520 260, kunferr.titkarsag@gmail.com<\/p>\t\t\t\t\t\t\t\t<\/div>\n\t\t\t\t<\/div>\n\t\t\t\t<\/div>\n\t\t<div class=\"elementor-element elementor-element-a3293ed e-con-full e-flex e-con e-child\" data-id=\"a3293ed\" data-element_type=\"container\">\n\t\t\t\t<div class=\"elementor-element elementor-element-bfbad13 elementor-widget elementor-widget-image\" data-id=\"bfbad13\" data-element_type=\"widget\" data-widget_type=\"image.default\">\n\t\t\t\t<div class=\"elementor-widget-container\">\n\t\t\t\t\t\t\t\t\t\t\t\t\t\t\t<img decoding=\"async\" width=\"722\" height=\"1024\" data-src=\"https:\/\/www.kunferr.hu\/wp-content\/uploads\/2025\/02\/Kepernyofoto-2025-02-21-18.04.36-722x1024.png\" class=\"attachment-large size-large wp-image-415 lazyload\" alt=\"\" data-srcset=\"https:\/\/www.kunferr.hu\/wp-content\/uploads\/2025\/02\/Kepernyofoto-2025-02-21-18.04.36-722x1024.png 722w, https:\/\/www.kunferr.hu\/wp-content\/uploads\/2025\/02\/Kepernyofoto-2025-02-21-18.04.36-211x300.png 211w, https:\/\/www.kunferr.hu\/wp-content\/uploads\/2025\/02\/Kepernyofoto-2025-02-21-18.04.36-768x1089.png 768w, https:\/\/www.kunferr.hu\/wp-content\/uploads\/2025\/02\/Kepernyofoto-2025-02-21-18.04.36-1083x1536.png 1083w, https:\/\/www.kunferr.hu\/wp-content\/uploads\/2025\/02\/Kepernyofoto-2025-02-21-18.04.36.png 1214w\" data-sizes=\"(max-width: 722px) 100vw, 722px\" src=\"data:image\/svg+xml;base64,PHN2ZyB3aWR0aD0iMSIgaGVpZ2h0PSIxIiB4bWxucz0iaHR0cDovL3d3dy53My5vcmcvMjAwMC9zdmciPjwvc3ZnPg==\" style=\"--smush-placeholder-width: 722px; --smush-placeholder-aspect-ratio: 722\/1024;\" \/>\t\t\t\t\t\t\t\t\t\t\t\t\t\t\t<\/div>\n\t\t\t\t<\/div>\n\t\t\t\t<\/div>\n\t\t\t\t\t<\/div>\n\t\t\t\t<\/div>\n\t\t\t\t<section class=\"elementor-section elementor-top-section elementor-element elementor-element-ef68ac2 elementor-section-full_width elementor-section-stretched elementor-section-height-default elementor-section-height-default\" data-id=\"ef68ac2\" data-element_type=\"section\" data-settings=\"{&quot;background_background&quot;:&quot;classic&quot;,&quot;stretch_section&quot;:&quot;section-stretched&quot;}\">\n\t\t\t\t\t\t\t<div class=\"elementor-background-overlay\"><\/div>\n\t\t\t\t\t\t\t<div class=\"elementor-container elementor-column-gap-default\">\n\t\t\t\t\t<div class=\"elementor-column elementor-col-100 elementor-top-column elementor-element elementor-element-971b417\" data-id=\"971b417\" data-element_type=\"column\">\n\t\t\t<div class=\"elementor-widget-wrap elementor-element-populated\">\n\t\t\t\t<div class=\"elementor-element elementor-element-78c621f e-grid e-con-full e-con e-parent\" data-id=\"78c621f\" data-element_type=\"container\">\n\t\t\t\t<div class=\"elementor-element elementor-element-014293e elementor-widget elementor-widget-image\" data-id=\"014293e\" data-element_type=\"widget\" data-widget_type=\"image.default\">\n\t\t\t\t<div class=\"elementor-widget-container\">\n\t\t\t\t\t\t\t\t\t\t\t\t\t\t\t<img fetchpriority=\"high\" decoding=\"async\" width=\"428\" height=\"177\" src=\"https:\/\/www.kunferr.hu\/wp-content\/uploads\/2025\/02\/kun-3-e1740151533410.png\" class=\"attachment-large size-large wp-image-312\" alt=\"\" srcset=\"https:\/\/www.kunferr.hu\/wp-content\/uploads\/2025\/02\/kun-3-e1740151533410.png 428w, https:\/\/www.kunferr.hu\/wp-content\/uploads\/2025\/02\/kun-3-e1740151533410-300x124.png 300w\" sizes=\"(max-width: 428px) 100vw, 428px\" \/>\t\t\t\t\t\t\t\t\t\t\t\t\t\t\t<\/div>\n\t\t\t\t<\/div>\n\t\t\t\t<div class=\"elementor-element elementor-element-91fd5bb elementor-widget elementor-widget-text-editor\" data-id=\"91fd5bb\" data-element_type=\"widget\" data-widget_type=\"text-editor.default\">\n\t\t\t\t<div class=\"elementor-widget-container\">\n\t\t\t\t\t\t\t\t\t<p>Stahlkonstruktion, Fertigung von Stahlkonstruktionen, Vertrieb von Stahlkonstruktionen<\/p>\t\t\t\t\t\t\t\t<\/div>\n\t\t\t\t<\/div>\n\t\t\t\t<div class=\"elementor-element elementor-element-a1e3705 elementor-widget elementor-widget-text-editor\" data-id=\"a1e3705\" data-element_type=\"widget\" data-widget_type=\"text-editor.default\">\n\t\t\t\t<div class=\"elementor-widget-container\">\n\t\t\t\t\t\t\t\t\t<p><a href=\"https:\/\/www.kunferr.hu\/de\/ceginfo\/\">Unternehmensinformationen<\/a><\/p><p><a href=\"https:\/\/www.kunferr.hu\/de\/palyazatok\/\">Erhaltene F\u00f6rderungen<\/a><\/p><p><a href=\"https:\/\/www.kunferr.hu\/wp-content\/uploads\/2026\/02\/GDPR-incidenskezelesi-szabalyzat-kiegeszitessel.pdf\" target=\"_blank\" rel=\"noopener\">Adatkezel\u00e9si t\u00e1j\u00e9koztat\u00f3<\/a><\/p>\t\t\t\t\t\t\t\t<\/div>\n\t\t\t\t<\/div>\n\t\t\t\t<\/div>\n\t\t\t\t<div class=\"elementor-element elementor-element-2f7c266 elementor-widget elementor-widget-text-editor\" data-id=\"2f7c266\" data-element_type=\"widget\" data-widget_type=\"text-editor.default\">\n\t\t\t\t<div class=\"elementor-widget-container\">\n\t\t\t\t\t\t\t\t\t<p>\u00a92025. KUNFERR GmbH. Alle Rechte vorbehalten. \u2013 Erstellt von: <a href=\"http:\/\/ugyfelmagnes.hu\">ugyfelmagnes.hu<\/a><\/p>\t\t\t\t\t\t\t\t<\/div>\n\t\t\t\t<\/div>\n\t\t\t\t\t<\/div>\n\t\t<\/div>\n\t\t\t\t\t<\/div>\n\t\t<\/section>\n\t\t\t\t<\/div>","protected":false},"excerpt":{"rendered":"<p>F\u0151oldal Szolg\u00e1ltat\u00e1saink G\u00e9ppark R\u00f3lunk Kapcsolat Elnyert p\u00e1ly\u00e1zatok P\u00e1ly\u00e1zati t\u00e1mogat\u00e1s Az elnyert t\u00e1mogat\u00e1s \u00f6sszege: 9,70 MILLI\u00d3 FORINT A t\u00e1mogat\u00e1s m\u00e9rt\u00e9ke: 55%A projekt azonos\u00edt\u00f3ja:\u00a0 GINOP-4.1.4-19-2020-02566A projekt kezdete: 2021.03.01 A projekt fizikai befejez\u00e9se: 2021.07.13. A beruh\u00e1z\u00e1s eredm\u00e9nyek\u00e9nt c\u00e9g\u00fcnk vil\u00e1g\u00edt\u00e1skorszer\u0171s\u00edt\u00e9st hajtott v\u00e9gre a m\u0171helycsarnokokban, valamint napelemes kiser\u0151m\u0171vet telep\u00edtett a m\u0171helycsarnok tet\u0151szerkezet\u00e9re. A projekt hozz\u00e1j\u00e1rul c\u00e9g\u00fcnk versenyk\u00e9pess\u00e9g\u00e9nek jav\u00edt\u00e1s\u00e1hoz, \u00e9s k\u00f6rnyezet\u00fcnk [&hellip;]<\/p>","protected":false},"author":1,"featured_media":0,"parent":0,"menu_order":2,"comment_status":"open","ping_status":"closed","template":"elementor_header_footer","meta":{"footnotes":""},"class_list":["post-410","page","type-page","status-publish","hentry"],"_links":{"self":[{"href":"https:\/\/www.kunferr.hu\/de\/wp-json\/wp\/v2\/pages\/410","targetHints":{"allow":["GET"]}}],"collection":[{"href":"https:\/\/www.kunferr.hu\/de\/wp-json\/wp\/v2\/pages"}],"about":[{"href":"https:\/\/www.kunferr.hu\/de\/wp-json\/wp\/v2\/types\/page"}],"author":[{"embeddable":true,"href":"https:\/\/www.kunferr.hu\/de\/wp-json\/wp\/v2\/users\/1"}],"replies":[{"embeddable":true,"href":"https:\/\/www.kunferr.hu\/de\/wp-json\/wp\/v2\/comments?post=410"}],"version-history":[{"count":25,"href":"https:\/\/www.kunferr.hu\/de\/wp-json\/wp\/v2\/pages\/410\/revisions"}],"predecessor-version":[{"id":673,"href":"https:\/\/www.kunferr.hu\/de\/wp-json\/wp\/v2\/pages\/410\/revisions\/673"}],"wp:attachment":[{"href":"https:\/\/www.kunferr.hu\/de\/wp-json\/wp\/v2\/media?parent=410"}],"curies":[{"name":"wp","href":"https:\/\/api.w.org\/{rel}","templated":true}]}}